{"id":796,"date":"2022-05-12T09:33:36","date_gmt":"2022-05-12T09:33:36","guid":{"rendered":"https:\/\/orein.eus\/?page_id=796"},"modified":"2022-07-25T18:30:11","modified_gmt":"2022-07-25T18:30:11","slug":"pertsonaren-garapena","status":"publish","type":"page","link":"https:\/\/orein.eus\/es\/proiektuak\/pertsonaren-garapena\/","title":{"rendered":"Desarrollo de las personas"},"content":{"rendered":"<div class=\"crane-section crane-parallax-fixed\"><div class=\"crane-background\" style=\"background-image: url('https:\/\/orein.eus\/wp-content\/uploads\/2021\/01\/cabecera-proyecto-fondo.jpg');\"><\/div><div class=\"crane-background-overlay\" style=\"background-color: rgba(255,255,255,0.5)\"><\/div><div class=\"crane-container\"><div class=\"vc_row wpb_row vc_row-fluid vc_row-o-equal-height vc_row-o-content-middle vc_row-flex mpc-row\"><div class=\"wpb_column vc_column_container vc_col-sm-12 mpc-column\" data-column-id=\"mpc_column-5969e5cca88b3c7\"><div class=\"vc_column-inner\"><div class=\"wpb_wrapper\"><div class=\"vc_empty_space\" style=\"height: 100px\"><span class=\"vc_empty_space_inner\"><\/span><\/div><div data-id=\"mpc_icon_column-1269e5cca88a608\" class=\"mpc-icon-column mpc-init mpc-parent-hover mpc-transition mpc-icon-column--style_1 mpc-align--center\"><div data-id=\"mpc_icon-1369e5cca88a63b\" class=\"mpc-icon mpc-init mpc-transition mpc-effect-none\"><div class=\"mpc-icon-wrap\"><i class=\"mpc-icon-part mpc-regular mpc-transition\"><\/i><\/div><\/div><div class=\"mpc-icon-column__content-wrap\"><div class=\"mpc-icon-column__content\"><h3 class=\"mpc-icon-column__heading mpc-typography--preset_7 mpc-transition\">Desarrollo de las personas<\/h3><div data-id=\"mpc_divider-5469e5cca88a65a\" class=\"mpc-divider-wrap\"><div class=\"mpc-divider mpc-init mpc-align--center mpc-disable--left\"><div class=\"mpc-divider__line mpc-side--left\"><span><\/span><\/div><div class=\"mpc-divider__line mpc-side--right\"><span><\/span><\/div><\/div><\/div><\/div><\/div><\/div><div class=\"vc_row wpb_row vc_inner vc_row-fluid vc_row-o-content-middle vc_row-flex mpc-row\"><div class=\"wpb_column vc_column_container vc_col-sm-8 mpc-column\" data-column-id=\"mpc_column-2069e5cca88adc9\"><div class=\"vc_column-inner vc_custom_1658773761490\"><div class=\"wpb_wrapper\"><div data-id=\"mpc_image-1869e5cca88acb2\" onclick=\"\" class=\"mpc-image mpc-init\"><div class=\"mpc-item mpc-transition\"><img decoding=\"async\" width=\"750\" height=\"320\" src=\"https:\/\/orein.eus\/wp-content\/uploads\/2022\/05\/Sin-titulo-2-2.jpg\" class=\"mpc-transition attachment-full\" alt=\"\" title=\"Sin-t&iacute;tulo-2\" srcset=\"https:\/\/orein.eus\/wp-content\/uploads\/2022\/05\/Sin-titulo-2-2.jpg 750w, https:\/\/orein.eus\/wp-content\/uploads\/2022\/05\/Sin-titulo-2-2-300x128.jpg 300w, https:\/\/orein.eus\/wp-content\/uploads\/2022\/05\/Sin-titulo-2-2-18x8.jpg 18w\" sizes=\"(max-width: 750px) 100vw, 750px\"><\/div><\/div><\/div><\/div><\/div><div class=\"wpb_column vc_column_container vc_col-sm-4 mpc-column\" data-column-id=\"mpc_column-8669e5cca88b0bb\"><div class=\"vc_column-inner vc_custom_1658773805807\"><div class=\"wpb_wrapper\"><div data-id=\"mpc_icon_column-569e5cca88afc8\" class=\"mpc-icon-column mpc-init mpc-parent-hover mpc-transition mpc-icon-column--style_1 mpc-align--center\"><div data-id=\"mpc_icon-5369e5cca88afec\" class=\"mpc-icon mpc-init mpc-transition mpc-effect-none\"><div class=\"mpc-icon-wrap\"><i class=\"mpc-icon-part mpc-regular mpc-transition\"><\/i><\/div><\/div><div class=\"mpc-icon-column__content-wrap\"><div class=\"mpc-icon-column__content\"><h3 class=\"mpc-icon-column__heading mpc-typography--preset_7 mpc-transition\">Las personas en el centro de la organizaci\u00f3n<\/h3><div data-id=\"mpc_divider-4269e5cca88b004\" class=\"mpc-divider-wrap\"><div class=\"mpc-divider mpc-init mpc-align--center mpc-disable--left\"><div class=\"mpc-divider__line mpc-side--left\"><span><\/span><\/div><div class=\"mpc-divider__line mpc-side--right\"><span><\/span><\/div><\/div><\/div><div class=\"mpc-icon-column__description mpc-typography--preset_5 mpc-transition\"><p>Formaci\u00f3n especializada para el desarrollo personal y profesional. Proyectos para trabajar diferentes tem\u00e1ticas y enfoques.<\/p>\n<\/div><\/div><\/div><\/div><\/div><\/div><\/div><\/div><div class=\"vc_empty_space\" style=\"height: 100px\"><span class=\"vc_empty_space_inner\"><\/span><\/div><\/div><\/div><\/div><\/div><\/div><\/div><div class=\"crane-section\"><div class=\"crane-container\"><div class=\"vc_row wpb_row vc_row-fluid mpc-row\"><div class=\"wpb_column vc_column_container vc_col-sm-12 mpc-column\" data-column-id=\"mpc_column-9569e5cca88cbb7\"><div class=\"vc_column-inner\"><div class=\"wpb_wrapper\"><div class=\"vc_empty_space\" style=\"height: 60px\"><span class=\"vc_empty_space_inner\"><\/span><\/div><div data-id=\"mpc_icon_column-8469e5cca88bb74\" class=\"mpc-icon-column mpc-init mpc-parent-hover mpc-transition mpc-icon-column--style_1 mpc-align--center\"><div data-id=\"mpc_icon-2769e5cca88bb97\" class=\"mpc-icon mpc-init mpc-transition mpc-effect-none\"><div class=\"mpc-icon-wrap\"><i class=\"mpc-icon-part mpc-regular mpc-transition\"><\/i><\/div><\/div><div class=\"mpc-icon-column__content-wrap\"><div class=\"mpc-icon-column__content\"><h3 class=\"mpc-icon-column__heading mpc-typography--preset_7 mpc-transition\">Cursos<\/h3><div data-id=\"mpc_divider-1669e5cca88bbad\" class=\"mpc-divider-wrap\"><div class=\"mpc-divider mpc-init mpc-align--center mpc-disable--left\"><div class=\"mpc-divider__line mpc-side--left\"><span><\/span><\/div><div class=\"mpc-divider__line mpc-side--right\"><span><\/span><\/div><\/div><\/div><\/div><\/div><\/div><div class=\"vc_row wpb_row vc_inner vc_row-fluid mpc-row\"><div class=\"wpb_column vc_column_container vc_col-sm-4 mpc-column\" data-column-id=\"mpc_column-2769e5cca88c221\"><div class=\"vc_column-inner\"><div class=\"wpb_wrapper\"><div data-id=\"mpc_image-569e5cca88c019\" onclick=\"\" class=\"mpc-image mpc-init\"><a href=\"https:\/\/gunebirtuala.orein.eus\/Ikastaroak\/hizkuntzaren-erabilera-ez-sexista\/\" target=\"_blank\" title=\"\" class=\"mpc-item mpc-transition\"><img decoding=\"async\" class=\"mpc-transition\" src=\"https:\/\/orein.eus\/wp-content\/uploads\/2022\/05\/hizkera-ez-sexista-472x291.jpg\" width=\"472\" height=\"291\" alt=\"Freelance,Team,Members,Working,Together,On,Making,Researching,About,Modern\" title=\"Freelance,Team,Members,Working,Together,On,Making,Researching,About,Modern\"><\/a><\/div><div data-id=\"mpc_callout-4169e5cca88c0d6\" class=\"mpc-callout mpc-init mpc-callout--style_2\"><div class=\"mpc-callout__content\"><h3 class=\"mpc-callout__heading mpc-typography--preset_2\">Uso no sexista del lenguaje<\/h3><div data-id=\"mpc_divider-4969e5cca88c139\" class=\"mpc-divider-wrap\"><div class=\"mpc-divider mpc-init mpc-align--left mpc-disable--left\"><div class=\"mpc-divider__line mpc-side--left\"><span><\/span><\/div><div class=\"mpc-divider__line mpc-side--right\"><span><\/span><\/div><\/div><\/div><div class=\"mpc-callout__description mpc-typography--preset_1\"><p>Recurso para reflexionar sobre la realidad que construimos a trav\u00e9s del lenguaje, tomar conciencia y conocer los conceptos principales a tener en cuenta para apostar por un uso no sexista.<\/p>\n<p>Idioma: <strong>euskera<\/strong><br>\nDuraci\u00f3n: <strong>1 hora<\/strong><\/p>\n<\/div><\/div><div class=\"mpc-callout__button mpc-align--left\"><a href=\"https:\/\/gunebirtuala.orein.eus\/Ikastaroak\/hizkuntzaren-erabilera-ez-sexista\/\" target=\"_blank\" title=\"Link\" data-id=\"mpc_button-5769e5cca88c115\" class=\"mpc-button mpc-init mpc-transition\"><div class=\"mpc-button__content mpc-effect-type--none mpc-effect-side--none\"><span class=\"mpc-button__title mpc-transition\">Ir al curso<\/span><\/div><div class=\"mpc-button__background mpc-transition mpc-effect-type--fade mpc-effect-side--in\"><\/div><\/a><\/div><\/div><\/div><\/div><\/div><div class=\"wpb_column vc_column_container vc_col-sm-4 mpc-column\" data-column-id=\"mpc_column-5569e5cca88c6bd\"><div class=\"vc_column-inner\"><div class=\"wpb_wrapper\"><div data-id=\"mpc_image-1969e5cca88c4f7\" onclick=\"\" class=\"mpc-image mpc-init\"><a href=\"https:\/\/gunebirtuala.orein.eus\/Ikastaroak\/belbin-metodologia\/\" target=\"_blank\" title=\"\" class=\"mpc-item mpc-transition\"><img decoding=\"async\" class=\"mpc-transition\" src=\"https:\/\/orein.eus\/wp-content\/uploads\/2022\/05\/shutterstock_739769911-scaled-472x291.jpg\" width=\"472\" height=\"291\" alt=\"Young,Team,Putting,Hands,Up,For,New,Startup,In,Creative\" title=\"Young,Team,Putting,Hands,Up,For,New,Startup,In,Creative\"><\/a><\/div><div data-id=\"mpc_callout-2869e5cca88c58b\" class=\"mpc-callout mpc-init mpc-callout--style_2\"><div class=\"mpc-callout__content\"><h3 class=\"mpc-callout__heading mpc-typography--preset_2\">Introducci\u00f3n a la metodolog\u00eda Belbin<\/h3><div data-id=\"mpc_divider-5569e5cca88c5de\" class=\"mpc-divider-wrap\"><div class=\"mpc-divider mpc-init mpc-align--left mpc-disable--left\"><div class=\"mpc-divider__line mpc-side--left\"><span><\/span><\/div><div class=\"mpc-divider__line mpc-side--right\"><span><\/span><\/div><\/div><\/div><div class=\"mpc-callout__description mpc-typography--preset_1\"><p>Todas las personas podemos desempe\u00f1ar una funci\u00f3n importante en un grupo, pero para ello es conveniente que estemos en el equipo adecuado. Formaci\u00f3n para iniciarse en la metodolog\u00eda Belbin.<\/p>\n<p>Idioma: <strong>euskera<\/strong><br>\nDuraci\u00f3n: <strong>5 horas<\/strong><\/p>\n<\/div><\/div><div class=\"mpc-callout__button mpc-align--left\"><a href=\"https:\/\/gunebirtuala.orein.eus\/Ikastaroak\/belbin-metodologia\/\" target=\"_blank\" title=\"Link\" data-id=\"mpc_button-3569e5cca88c5c0\" class=\"mpc-button mpc-init mpc-transition\"><div class=\"mpc-button__content mpc-effect-type--none mpc-effect-side--none\"><span class=\"mpc-button__title mpc-transition\">Ir al curso<\/span><\/div><div class=\"mpc-button__background mpc-transition mpc-effect-type--fade mpc-effect-side--in\"><\/div><\/a><\/div><\/div><\/div><\/div><\/div><div class=\"wpb_column vc_column_container vc_col-sm-4 mpc-column\" data-column-id=\"mpc_column-869e5cca88c7d4\"><div class=\"vc_column-inner\"><div class=\"wpb_wrapper\"><\/div><\/div><\/div><\/div><div class=\"vc_empty_space\" style=\"height: 32px\"><span class=\"vc_empty_space_inner\"><\/span><\/div><\/div><\/div><\/div><\/div><\/div><\/div>","protected":false},"excerpt":{"rendered":"Pertsonen GarapenaPertsonak erakundearen erdiguneanGarapen pertsonal eta profesionalerako prestakuntza berezitua. Gai eta ikuspegi ezberdinak lantzeko proiektuak. IkastaroakHizkuntzaren erabilera ez sexistaHizkuntzaren bidez eraikitzen dugun errealitatearen gainean hausnartu, kontzientzia hartu eta erabilera ez sexista baten alde egiteko kontutan izan beharreko kontzeptu nagusiak ezagutzeko baliabidea. Hizkuntza: euskara Iraupena: 1 ordu Ikastarora joanBelbin metodologiara sarreraPertsona guztiek bete dezakegu funtzio garrantzitsua","protected":false},"author":5,"featured_media":0,"parent":300,"menu_order":0,"comment_status":"closed","ping_status":"closed","template":"","meta":{"content-type":"","inline_featured_image":false,"footnotes":""},"class_list":["post-796","page","type-page","status-publish","hentry"],"_links":{"self":[{"href":"https:\/\/orein.eus\/es\/wp-json\/wp\/v2\/pages\/796","targetHints":{"allow":["GET"]}}],"collection":[{"href":"https:\/\/orein.eus\/es\/wp-json\/wp\/v2\/pages"}],"about":[{"href":"https:\/\/orein.eus\/es\/wp-json\/wp\/v2\/types\/page"}],"author":[{"embeddable":true,"href":"https:\/\/orein.eus\/es\/wp-json\/wp\/v2\/users\/5"}],"replies":[{"embeddable":true,"href":"https:\/\/orein.eus\/es\/wp-json\/wp\/v2\/comments?post=796"}],"version-history":[{"count":32,"href":"https:\/\/orein.eus\/es\/wp-json\/wp\/v2\/pages\/796\/revisions"}],"predecessor-version":[{"id":836,"href":"https:\/\/orein.eus\/es\/wp-json\/wp\/v2\/pages\/796\/revisions\/836"}],"up":[{"embeddable":true,"href":"https:\/\/orein.eus\/es\/wp-json\/wp\/v2\/pages\/300"}],"wp:attachment":[{"href":"https:\/\/orein.eus\/es\/wp-json\/wp\/v2\/media?parent=796"}],"curies":[{"name":"wp","href":"https:\/\/api.w.org\/{rel}","templated":true}]}}