{"id":542,"date":"2022-05-04T15:24:56","date_gmt":"2022-05-04T15:24:56","guid":{"rendered":"https:\/\/orein.eus\/?page_id=542"},"modified":"2022-07-25T18:49:45","modified_gmt":"2022-07-25T18:49:45","slug":"kirola-eta-euskara","status":"publish","type":"page","link":"https:\/\/orein.eus\/es\/proiektuak\/kirola-eta-euskara\/","title":{"rendered":"Deporte y euskera"},"content":{"rendered":"<div class=\"crane-section\"><div class=\"crane-background\" style=\"background-image: url('https:\/\/orein.eus\/wp-content\/uploads\/2021\/01\/foto-banner-fondo.jpg');\"><\/div><div class=\"crane-background-overlay\" style=\"background-color: rgba(255,255,255,0.5)\"><\/div><div class=\"crane-container\"><div class=\"vc_row wpb_row vc_row-fluid vc_row-o-content-middle vc_row-flex mpc-row\"><div class=\"wpb_column vc_column_container vc_col-sm-12 mpc-column\" data-column-id=\"mpc_column-3069e5cce7b34d9\"><div class=\"vc_column-inner\"><div class=\"wpb_wrapper\"><div class=\"vc_empty_space\" style=\"height: 100px\"><span class=\"vc_empty_space_inner\"><\/span><\/div><div class=\"vc_row wpb_row vc_inner vc_row-fluid vc_row-o-content-middle vc_row-flex mpc-row\"><div class=\"wpb_column vc_column_container vc_col-sm-8 mpc-column\" data-column-id=\"mpc_column-3069e5cce7b2e95\"><div class=\"vc_column-inner\"><div class=\"wpb_wrapper\"><div data-id=\"mpc_icon_column-4469e5cce7b2c51\" class=\"mpc-icon-column mpc-init mpc-parent-hover mpc-transition mpc-icon-column--style_1 mpc-align--center\"><div data-id=\"mpc_icon-5369e5cce7b2c7d\" class=\"mpc-icon mpc-init mpc-transition mpc-effect-none\"><div class=\"mpc-icon-wrap\"><i class=\"mpc-icon-part mpc-regular mpc-transition\"><\/i><\/div><\/div><div class=\"mpc-icon-column__content-wrap\"><div class=\"mpc-icon-column__content\"><h3 class=\"mpc-icon-column__heading mpc-typography--preset_7 mpc-transition\">Deporte y euskera<\/h3><div data-id=\"mpc_divider-6769e5cce7b2c94\" class=\"mpc-divider-wrap\"><div class=\"mpc-divider mpc-init mpc-align--center mpc-disable--left\"><div class=\"mpc-divider__line mpc-side--left\"><span><\/span><\/div><div class=\"mpc-divider__line mpc-side--right\"><span><\/span><\/div><\/div><\/div><div class=\"mpc-icon-column__description mpc-typography--preset_5 mpc-transition\"><p>El deporte es un \u00e1mbito estrat\u00e9gico en el proceso de normalizaci\u00f3n del euskera. El principal reto de nuestra sociedad, y objetivo de estos proyectos, es difundir el h\u00e1bito y la posibilidad de disfrutar en euskera a menores, personas adultas, adolescentes y j\u00f3venes en el tiempo libre.<\/p>\n<p>Cualquier entidad (asociaci\u00f3n, club, centro escolar) y persona del \u00e1mbito deportivo somos importantes en este proceso, ya que tenemos la oportunidad y la responsabilidad de incidir positivamente, cada quien en su medida, a trav\u00e9s de una actitud favorable.<\/p>\n<p>Los proyectos que tenemos en marcha para incidir positivamente en el uso del euskera en el deporte son varios, abordados en colaboraci\u00f3n con los siguientes agentes y entidades: Artez Euskararen Zerbitzuak, Kirolean, Departamento de Cultura y Pol\u00edtica Ling\u00fc\u00edstica del Gobierno Vasco y Diputaci\u00f3n Foral de Bizkaia.<\/p>\n<p><strong>Cursos y proyectos dirigidos a diferentes agentes deportivos:<\/strong><\/p>\n<\/div><\/div><\/div><\/div><div class=\"vc_empty_space\" style=\"height: 32px\"><span class=\"vc_empty_space_inner\"><\/span><\/div><div id=\"mpc_icon_list-1869e5cce7b2da1\" class=\"mpc-icon-list mpc-init mpc-icon--left mpc-typography--preset_5\"><ul class=\"mpc-list__ul\"><li class=\"mpc-list__item mpc-parent-hover mpc-transition\" data-index=\"0\"><div class=\"mpc-list__icon\"><div data-id=\"mpc_icon-4669e5cce7b2dc1\" class=\"mpc-icon mpc-init mpc-transition mpc-effect-fade mpc-icon-hover\"><div class=\"mpc-icon-wrap\"><i class=\"mpc-icon-part mpc-regular mpc-transition  el el-screenshot\"><\/i><i class=\"mpc-icon-part mpc-hover mpc-transition  el el-screenshot\"><\/i><\/div><\/div><\/div><span class=\"mpc-list__title\">Jokatu y AktibaTU: trabajar la concienciaci\u00f3n y sensibilizaci\u00f3n ling\u00fc\u00edstica con diferentes agentes de asociaciones deportivas, clubes y federaciones.<\/span><\/li><li class=\"mpc-list__item mpc-parent-hover mpc-transition\" data-index=\"1\"><div class=\"mpc-list__icon\"><div data-id=\"mpc_icon-4669e5cce7b2dc1\" class=\"mpc-icon mpc-init mpc-transition mpc-effect-fade mpc-icon-hover\"><div class=\"mpc-icon-wrap\"><i class=\"mpc-icon-part mpc-regular mpc-transition  el el-screenshot\"><\/i><i class=\"mpc-icon-part mpc-hover mpc-transition  el el-screenshot\"><\/i><\/div><\/div><\/div><span class=\"mpc-list__title\">Jokatu, \u00a1pasa a la acci\u00f3n!: m\u00f3dulo de aportaci\u00f3n de claves, herramientas y recursos para facilitar el paso de la reflexi\u00f3n a la acci\u00f3n.<\/span><\/li><li class=\"mpc-list__item mpc-parent-hover mpc-transition\" data-index=\"2\"><div class=\"mpc-list__icon\"><div data-id=\"mpc_icon-4669e5cce7b2dc1\" class=\"mpc-icon mpc-init mpc-transition mpc-effect-fade mpc-icon-hover\"><div class=\"mpc-icon-wrap\"><i class=\"mpc-icon-part mpc-regular mpc-transition  el el-screenshot\"><\/i><i class=\"mpc-icon-part mpc-hover mpc-transition  el el-screenshot\"><\/i><\/div><\/div><\/div><span class=\"mpc-list__title\">Estrategias ling\u00fc\u00edsticas en el deporte: m\u00f3dulo que ofrece estrategias y claves para fomentar el euskera desde la concienciaci\u00f3n de la importancia de la lengua en el deporte.<\/span><\/li><\/ul><\/div><\/div><\/div><\/div><div class=\"wpb_column vc_column_container vc_col-sm-4 mpc-column\" data-column-id=\"mpc_column-5069e5cce7b323b\"><div class=\"vc_column-inner\"><div class=\"wpb_wrapper\"><div class=\"vc_empty_space\" style=\"height: 32px\"><span class=\"vc_empty_space_inner\"><\/span><\/div><div data-id=\"mpc_image-5569e5cce7b31c6\" onclick=\"\" class=\"mpc-image mpc-init\"><div class=\"mpc-item mpc-transition\"><img decoding=\"async\" width=\"501\" height=\"1000\" src=\"https:\/\/orein.eus\/wp-content\/uploads\/2022\/05\/kirola.jpg\" class=\"mpc-transition attachment-full\" alt=\"\" title=\"kirola\" srcset=\"https:\/\/orein.eus\/wp-content\/uploads\/2022\/05\/kirola.jpg 501w, https:\/\/orein.eus\/wp-content\/uploads\/2022\/05\/kirola-150x300.jpg 150w, https:\/\/orein.eus\/wp-content\/uploads\/2022\/05\/kirola-6x12.jpg 6w\" sizes=\"(max-width: 501px) 100vw, 501px\"><\/div><\/div><\/div><\/div><\/div><\/div><div class=\"vc_empty_space\" style=\"height: 100px\"><span class=\"vc_empty_space_inner\"><\/span><\/div><\/div><\/div><\/div><\/div><\/div><\/div><div class=\"crane-section\"><div class=\"crane-container\"><div class=\"vc_row wpb_row vc_row-fluid mpc-row\"><div class=\"wpb_column vc_column_container vc_col-sm-12 mpc-column\" data-column-id=\"mpc_column-3669e5cce7b54be\"><div class=\"vc_column-inner\"><div class=\"wpb_wrapper\"><div class=\"vc_empty_space\" style=\"height: 60px\"><span class=\"vc_empty_space_inner\"><\/span><\/div><div data-id=\"mpc_icon_column-5869e5cce7b39dc\" class=\"mpc-icon-column mpc-init mpc-parent-hover mpc-transition mpc-icon-column--style_1 mpc-align--center\"><div data-id=\"mpc_icon-10069e5cce7b39f4\" class=\"mpc-icon mpc-init mpc-transition mpc-effect-none\"><div class=\"mpc-icon-wrap\"><i class=\"mpc-icon-part mpc-regular mpc-transition\"><\/i><\/div><\/div><div class=\"mpc-icon-column__content-wrap\"><div class=\"mpc-icon-column__content\"><h3 class=\"mpc-icon-column__heading mpc-typography--preset_7 mpc-transition\">Cursos<\/h3><div data-id=\"mpc_divider-669e5cce7b3a04\" class=\"mpc-divider-wrap\"><div class=\"mpc-divider mpc-init mpc-align--center mpc-disable--left\"><div class=\"mpc-divider__line mpc-side--left\"><span><\/span><\/div><div class=\"mpc-divider__line mpc-side--right\"><span><\/span><\/div><\/div><\/div><\/div><\/div><\/div><div class=\"vc_row wpb_row vc_inner vc_row-fluid mpc-row\"><div class=\"wpb_column vc_column_container vc_col-sm-4 mpc-column\" data-column-id=\"mpc_column-3969e5cce7b3ebb\"><div class=\"vc_column-inner\"><div class=\"wpb_wrapper\"><div data-id=\"mpc_image-2569e5cce7b3d3b\" onclick=\"\" class=\"mpc-image mpc-init\"><a href=\"https:\/\/gunebirtuala.orein.eus\/Ikastaroak\/jokatu\/\" target=\"_blank\" title=\"\" class=\"mpc-item mpc-transition\"><img decoding=\"async\" width=\"2560\" height=\"1709\" src=\"https:\/\/orein.eus\/wp-content\/uploads\/2022\/05\/shutterstock_326881424-1-scaled.jpg\" class=\"mpc-transition attachment-full\" alt=\"\" title=\"Coach,Giving,Team,Talk,To,Elementary,School,Soccer,Team\" srcset=\"https:\/\/orein.eus\/wp-content\/uploads\/2022\/05\/shutterstock_326881424-1-scaled.jpg 2560w, https:\/\/orein.eus\/wp-content\/uploads\/2022\/05\/shutterstock_326881424-1-300x200.jpg 300w, https:\/\/orein.eus\/wp-content\/uploads\/2022\/05\/shutterstock_326881424-1-1024x683.jpg 1024w, https:\/\/orein.eus\/wp-content\/uploads\/2022\/05\/shutterstock_326881424-1-768x513.jpg 768w, https:\/\/orein.eus\/wp-content\/uploads\/2022\/05\/shutterstock_326881424-1-1536x1025.jpg 1536w, https:\/\/orein.eus\/wp-content\/uploads\/2022\/05\/shutterstock_326881424-1-2048x1367.jpg 2048w, https:\/\/orein.eus\/wp-content\/uploads\/2022\/05\/shutterstock_326881424-1-18x12.jpg 18w, https:\/\/orein.eus\/wp-content\/uploads\/2022\/05\/shutterstock_326881424-1-600x400.jpg 600w\" sizes=\"(max-width: 2560px) 100vw, 2560px\"><\/a><\/div><div data-id=\"mpc_callout-7269e5cce7b3dbe\" class=\"mpc-callout mpc-init mpc-callout--style_2\"><div class=\"mpc-callout__content\"><h3 class=\"mpc-callout__heading mpc-typography--preset_2\">jokaTU: fomentando el euskera en el deporte<\/h3><div data-id=\"mpc_divider-6569e5cce7b3e0d\" class=\"mpc-divider-wrap\"><div class=\"mpc-divider mpc-init mpc-align--left mpc-disable--left\"><div class=\"mpc-divider__line mpc-side--left\"><span><\/span><\/div><div class=\"mpc-divider__line mpc-side--right\"><span><\/span><\/div><\/div><\/div><div class=\"mpc-callout__description mpc-typography--preset_1\"><p>Curso de concienciaci\u00f3n para que agentes deportivos incrementen el uso del euskera en su \u00e1mbito y transformen los h\u00e1bitos ling\u00fc\u00edsticos.<\/p>\n<p>Idioma: <strong>euskera<\/strong><br>\nDuraci\u00f3n: <strong>5 horas<\/strong><\/p>\n<\/div><\/div><div class=\"mpc-callout__button mpc-align--left\"><a href=\"https:\/\/gunebirtuala.orein.eus\/Ikastaroak\/jokatu\/\" target=\"_blank\" title=\"Link\" data-id=\"mpc_button-9269e5cce7b3df0\" class=\"mpc-button mpc-init mpc-transition\"><div class=\"mpc-button__content mpc-effect-type--none mpc-effect-side--none\"><span class=\"mpc-button__title mpc-transition\">Ir al curso<\/span><\/div><div class=\"mpc-button__background mpc-transition mpc-effect-type--fade mpc-effect-side--in\"><\/div><\/a><\/div><\/div><\/div><\/div><\/div><div class=\"wpb_column vc_column_container vc_col-sm-4 mpc-column\" data-column-id=\"mpc_column-5469e5cce7b425a\"><div class=\"vc_column-inner\"><div class=\"wpb_wrapper\"><div data-id=\"mpc_image-6169e5cce7b40e8\" onclick=\"\" class=\"mpc-image mpc-init\"><a href=\"https:\/\/gunebirtuala.orein.eus\/Ikastaroak\/jokatu\/\" target=\"_blank\" title=\"\" class=\"mpc-item mpc-transition\"><img decoding=\"async\" width=\"2560\" height=\"1709\" src=\"https:\/\/orein.eus\/wp-content\/uploads\/2022\/05\/kirola-azkena-scaled.jpg\" class=\"mpc-transition attachment-full\" alt=\"\" title=\"Three,Runners,Sprinting,Outdoors,-,Sportive,People,Training,In,A\" srcset=\"https:\/\/orein.eus\/wp-content\/uploads\/2022\/05\/kirola-azkena-scaled.jpg 2560w, https:\/\/orein.eus\/wp-content\/uploads\/2022\/05\/kirola-azkena-300x200.jpg 300w, https:\/\/orein.eus\/wp-content\/uploads\/2022\/05\/kirola-azkena-1024x683.jpg 1024w, https:\/\/orein.eus\/wp-content\/uploads\/2022\/05\/kirola-azkena-768x513.jpg 768w, https:\/\/orein.eus\/wp-content\/uploads\/2022\/05\/kirola-azkena-1536x1025.jpg 1536w, https:\/\/orein.eus\/wp-content\/uploads\/2022\/05\/kirola-azkena-2048x1367.jpg 2048w, https:\/\/orein.eus\/wp-content\/uploads\/2022\/05\/kirola-azkena-18x12.jpg 18w, https:\/\/orein.eus\/wp-content\/uploads\/2022\/05\/kirola-azkena-600x400.jpg 600w\" sizes=\"(max-width: 2560px) 100vw, 2560px\"><\/a><\/div><div data-id=\"mpc_callout-9769e5cce7b4154\" class=\"mpc-callout mpc-init mpc-callout--style_2\"><div class=\"mpc-callout__content\"><h3 class=\"mpc-callout__heading mpc-typography--preset_2\">jokaTU: \u00a1pasa a la acci\u00f3n!<\/h3><div data-id=\"mpc_divider-9969e5cce7b419a\" class=\"mpc-divider-wrap\"><div class=\"mpc-divider mpc-init mpc-align--left mpc-disable--left\"><div class=\"mpc-divider__line mpc-side--left\"><span><\/span><\/div><div class=\"mpc-divider__line mpc-side--right\"><span><\/span><\/div><\/div><\/div><div class=\"mpc-callout__description mpc-typography--preset_1\"><p>Para aumentar el uso del euskera en el deporte, te animamos a pasar de la reflexi\u00f3n a la acci\u00f3n. Para ello, en este m\u00f3dulo te ofrecemos algunas claves, herramientas y recursos.<\/p>\n<p>Idioma: <strong>euskera<\/strong><br>\nDuraci\u00f3n: <strong>personalizable<\/strong><\/p>\n<\/div><\/div><div class=\"mpc-callout__button mpc-align--left\"><a href=\"https:\/\/gunebirtuala.orein.eus\/Ikastaroak\/jokatu\/\" target=\"_blank\" title=\"Link\" data-id=\"mpc_button-5169e5cce7b4181\" class=\"mpc-button mpc-init mpc-transition\"><div class=\"mpc-button__content mpc-effect-type--none mpc-effect-side--none\"><span class=\"mpc-button__title mpc-transition\">Ir al curso<\/span><\/div><div class=\"mpc-button__background mpc-transition mpc-effect-type--fade mpc-effect-side--in\"><\/div><\/a><\/div><\/div><\/div><\/div><\/div><div class=\"wpb_column vc_column_container vc_col-sm-4 mpc-column\" data-column-id=\"mpc_column-2769e5cce7b45d8\"><div class=\"vc_column-inner\"><div class=\"wpb_wrapper\"><div data-id=\"mpc_image-1369e5cce7b447b\" onclick=\"\" class=\"mpc-image mpc-init\"><a href=\"https:\/\/gunebirtuala.orein.eus\/Ikastaroak\/aktibatu-fomentando-el-uso-del-euskera-en-el-deporte\/\" target=\"_blank\" title=\"\" class=\"mpc-item mpc-transition\"><img decoding=\"async\" class=\"mpc-transition\" src=\"https:\/\/orein.eus\/wp-content\/uploads\/2022\/05\/AKTIBATU-472x291.jpg\" width=\"472\" height=\"291\" alt=\"Rugby,Players,And,Their,Coach,Gathering,Before,A,Match\" title=\"Rugby,Players,And,Their,Coach,Gathering,Before,A,Match\"><\/a><\/div><div data-id=\"mpc_callout-9269e5cce7b44ec\" class=\"mpc-callout mpc-init mpc-callout--style_2\"><div class=\"mpc-callout__content\"><h3 class=\"mpc-callout__heading\">aktibaTU<\/h3><div data-id=\"mpc_divider-6469e5cce7b452c\" class=\"mpc-divider-wrap\"><div class=\"mpc-divider mpc-init mpc-align--left mpc-disable--left\"><div class=\"mpc-divider__line mpc-side--left\"><span><\/span><\/div><div class=\"mpc-divider__line mpc-side--right\"><span><\/span><\/div><\/div><\/div><div class=\"mpc-callout__description\"><p>Curso de sensibilizaci\u00f3n sobre la importancia de la lengua dirigido a agentes deportivos que no hablan euskera.<\/p>\n<p>Idioma: <strong>castellano \/ biling\u00fce<\/strong><br>\nDuraci\u00f3n:<strong> 5 horas<\/strong><\/p>\n<\/div><\/div><div class=\"mpc-callout__button mpc-align--left\"><a href=\"https:\/\/gunebirtuala.orein.eus\/Ikastaroak\/jokatu\/\" target=\"_blank\" title=\"Link\" data-id=\"mpc_button-3369e5cce7b4515\" class=\"mpc-button mpc-init mpc-transition\"><div class=\"mpc-button__content mpc-effect-type--none mpc-effect-side--none\"><span class=\"mpc-button__title mpc-transition\">Ir al curso<\/span><\/div><div class=\"mpc-button__background mpc-transition mpc-effect-type--fade mpc-effect-side--in\"><\/div><\/a><\/div><\/div><\/div><\/div><\/div><\/div><div class=\"vc_empty_space\" style=\"height: 50px\"><span class=\"vc_empty_space_inner\"><\/span><\/div><div class=\"vc_row wpb_row vc_inner vc_row-fluid mpc-row\"><div class=\"wpb_column vc_column_container vc_col-sm-4 mpc-column\" data-column-id=\"mpc_column-9469e5cce7b4d0b\"><div class=\"vc_column-inner\"><div class=\"wpb_wrapper\"><div data-id=\"mpc_image-9569e5cce7b4bc3\" onclick=\"\" class=\"mpc-image mpc-init\"><a href=\"https:\/\/gunebirtuala.orein.eus\/Ikastaroak\/hizkuntza-estrategiak-kirolean\/\" target=\"_blank\" title=\"\" class=\"mpc-item mpc-transition\"><img decoding=\"async\" class=\"mpc-transition\" src=\"https:\/\/orein.eus\/wp-content\/uploads\/2022\/05\/HIZKUNTZA-ESTRATEGIAK-KIROLEAN-472x291.png\" width=\"472\" height=\"291\" alt=\"HIZKUNTZA ESTRATEGIAK KIROLEAN\" title=\"HIZKUNTZA ESTRATEGIAK KIROLEAN\"><\/a><\/div><div data-id=\"mpc_callout-9269e5cce7b4c32\" class=\"mpc-callout mpc-init mpc-callout--style_2\"><div class=\"mpc-callout__content\"><h3 class=\"mpc-callout__heading mpc-typography--preset_2\">Estrategias ling\u00fc\u00edsticas en el deporte<\/h3><div data-id=\"mpc_divider-6569e5cce7b4c77\" class=\"mpc-divider-wrap\"><div class=\"mpc-divider mpc-init mpc-align--left mpc-disable--left\"><div class=\"mpc-divider__line mpc-side--left\"><span><\/span><\/div><div class=\"mpc-divider__line mpc-side--right\"><span><\/span><\/div><\/div><\/div><div class=\"mpc-callout__description mpc-typography--preset_1\"><p>Conscientes de la importancia de la lengua en el deporte, este es un m\u00f3dulo que ofrece estrategias y claves para fomentar el euskera.<\/p>\n<p>Curso del Departamento de Cultura y Pol\u00edtica Ling\u00fc\u00edstica del Gobierno Vasco.<\/p>\n<p>Idioma: <strong>euskera<\/strong><br>\nDuraci\u00f3n: <strong>10 horas<\/strong><\/p>\n<\/div><\/div><div class=\"mpc-callout__button mpc-align--left\"><a href=\"#\" title=\"Link\" data-id=\"mpc_button-7569e5cce7b4c5f\" class=\"mpc-button mpc-init mpc-transition\"><div class=\"mpc-button__content mpc-effect-type--none mpc-effect-side--none\"><span class=\"mpc-button__title mpc-transition\">Ir al curso<\/span><\/div><div class=\"mpc-button__background mpc-transition mpc-effect-type--fade mpc-effect-side--in\"><\/div><\/a><\/div><\/div><\/div><\/div><\/div><div class=\"wpb_column vc_column_container vc_col-sm-4 mpc-column\" data-column-id=\"mpc_column-1569e5cce7b509c\"><div class=\"vc_column-inner\"><div class=\"wpb_wrapper\"><div data-id=\"mpc_image-7069e5cce7b4f54\" onclick=\"\" class=\"mpc-image mpc-init\"><a href=\"https:\/\/artez.eus\/edukia\/bikee\/1\/index.html\" target=\"_blank\" title=\"\" class=\"mpc-item mpc-transition\"><img decoding=\"async\" class=\"mpc-transition\" src=\"https:\/\/orein.eus\/wp-content\/uploads\/2022\/05\/shutterstock_1177631758-1-scaled-472x291.jpg\" width=\"472\" height=\"291\" alt=\"Kids,In,Elementary,School,Sports,Team,Piggybacking,Outdoors\" title=\"Kids,In,Elementary,School,Sports,Team,Piggybacking,Outdoors\"><\/a><\/div><div data-id=\"mpc_callout-8269e5cce7b4fc2\" class=\"mpc-callout mpc-init mpc-callout--style_2\"><div class=\"mpc-callout__content\"><h3 class=\"mpc-callout__heading mpc-typography--preset_2\">BIKEE \/ Bizkaian kirola euskaraz<\/h3><div data-id=\"mpc_divider-469e5cce7b500c\" class=\"mpc-divider-wrap\"><div class=\"mpc-divider mpc-init mpc-align--left mpc-disable--left\"><div class=\"mpc-divider__line mpc-side--left\"><span><\/span><\/div><div class=\"mpc-divider__line mpc-side--right\"><span><\/span><\/div><\/div><\/div><div class=\"mpc-callout__description mpc-typography--preset_1\"><p>P\u00edldoras digitales para el proyecto Bizkaian Kirolera ere Euskaraz BIKEE. El objetivo de estas p\u00edldoras es proporcionar recursos para que las personas directamente relacionadas con el deporte puedan expresarse t\u00e9cnicamente en euskera.<\/p>\n<p>Proyecto de la Diputaci\u00f3n Foral de Bizkaia.<\/p>\n<p>Idioma: <strong>euskera<\/strong><br>\nDuraci\u00f3n: <strong>30 min.<\/strong><\/p>\n<\/div><\/div><div class=\"mpc-callout__button mpc-align--left\"><a href=\"https:\/\/artez.eus\/edukia\/bikee\/1\/index.html\" title=\"Link\" data-id=\"mpc_button-9269e5cce7b4feb\" class=\"mpc-button mpc-init mpc-transition\"><div class=\"mpc-button__content mpc-effect-type--none mpc-effect-side--none\"><span class=\"mpc-button__title mpc-transition\">Ir al curso<\/span><\/div><div class=\"mpc-button__background mpc-transition mpc-effect-type--fade mpc-effect-side--in\"><\/div><\/a><\/div><\/div><\/div><\/div><\/div><div class=\"wpb_column vc_column_container vc_col-sm-4 mpc-column\" data-column-id=\"mpc_column-5369e5cce7b5165\"><div class=\"vc_column-inner\"><div class=\"wpb_wrapper\"><\/div><\/div><\/div><\/div><div class=\"vc_empty_space\" style=\"height: 50px\"><span class=\"vc_empty_space_inner\"><\/span><\/div><\/div><\/div><\/div><\/div><\/div><\/div>","protected":false},"excerpt":{"rendered":"Kirola eta euskaraKirola esparru estrategikoa da euskararen normalizazio prozesuan. Ume, heldu, nerabe eta gazteei aisialdian euskaraz gozatzeko aukera eta ohitura zabaltzea dugu gure jendartean erronka nagusi, eta helburu gune honetan. Kirol eremuko edozein entitate (elkarte, klub, eskola&hellip;) eta pertsona (entrenatzaile, monitore, teknikari, presidente, mediku&hellip;) gara garrantzitsu prozesu honetan, aldeko jarrera baten bidez modu positiboan eragiteko","protected":false},"author":5,"featured_media":0,"parent":300,"menu_order":0,"comment_status":"closed","ping_status":"closed","template":"","meta":{"content-type":"","inline_featured_image":false,"footnotes":""},"class_list":["post-542","page","type-page","status-publish","hentry"],"_links":{"self":[{"href":"https:\/\/orein.eus\/es\/wp-json\/wp\/v2\/pages\/542","targetHints":{"allow":["GET"]}}],"collection":[{"href":"https:\/\/orein.eus\/es\/wp-json\/wp\/v2\/pages"}],"about":[{"href":"https:\/\/orein.eus\/es\/wp-json\/wp\/v2\/types\/page"}],"author":[{"embeddable":true,"href":"https:\/\/orein.eus\/es\/wp-json\/wp\/v2\/users\/5"}],"replies":[{"embeddable":true,"href":"https:\/\/orein.eus\/es\/wp-json\/wp\/v2\/comments?post=542"}],"version-history":[{"count":33,"href":"https:\/\/orein.eus\/es\/wp-json\/wp\/v2\/pages\/542\/revisions"}],"predecessor-version":[{"id":637,"href":"https:\/\/orein.eus\/es\/wp-json\/wp\/v2\/pages\/542\/revisions\/637"}],"up":[{"embeddable":true,"href":"https:\/\/orein.eus\/es\/wp-json\/wp\/v2\/pages\/300"}],"wp:attachment":[{"href":"https:\/\/orein.eus\/es\/wp-json\/wp\/v2\/media?parent=542"}],"curies":[{"name":"wp","href":"https:\/\/api.w.org\/{rel}","templated":true}]}}