{"id":540,"date":"2022-05-04T15:22:29","date_gmt":"2022-05-04T15:22:29","guid":{"rendered":"https:\/\/orein.eus\/?page_id=540"},"modified":"2022-07-22T13:12:23","modified_gmt":"2022-07-22T13:12:23","slug":"euskara-lan-munduan","status":"publish","type":"page","link":"https:\/\/orein.eus\/es\/proiektuak\/euskara-lan-munduan\/","title":{"rendered":"Euskera en el \u00e1mbito laboral"},"content":{"rendered":"<div class=\"crane-section\"><div class=\"crane-background\" style=\"background-image: url('https:\/\/orein.eus\/wp-content\/uploads\/2021\/01\/cabecera-soluciones-fondo.jpg');\"><\/div><div class=\"crane-background-overlay\" style=\"background-color: rgba(255,255,255,0.5)\"><\/div><div class=\"crane-container\"><div class=\"vc_row wpb_row vc_row-fluid mpc-row\"><div class=\"wpb_column vc_column_container vc_col-sm-12 mpc-column\" data-column-id=\"mpc_column-3569e5df342d0c7\"><div class=\"vc_column-inner\"><div class=\"wpb_wrapper\"><div class=\"vc_empty_space\" style=\"height: 100px\"><span class=\"vc_empty_space_inner\"><\/span><\/div><div class=\"vc_row wpb_row vc_inner vc_row-fluid mpc-row\"><div class=\"wpb_column vc_column_container vc_col-sm-12 mpc-column\" data-column-id=\"mpc_column-2469e5df342ca3e\"><div class=\"vc_column-inner\"><div class=\"wpb_wrapper\"><div data-id=\"mpc_icon_column-5569e5df342c8d6\" class=\"mpc-icon-column mpc-init mpc-parent-hover mpc-transition mpc-icon-column--style_1 mpc-align--center\"><div data-id=\"mpc_icon-4769e5df342c902\" class=\"mpc-icon mpc-init mpc-transition mpc-effect-none\"><div class=\"mpc-icon-wrap\"><i class=\"mpc-icon-part mpc-regular mpc-transition\"><\/i><\/div><\/div><div class=\"mpc-icon-column__content-wrap\"><div class=\"mpc-icon-column__content\"><h3 class=\"mpc-icon-column__heading mpc-typography--preset_7 mpc-transition\">Euskera en el \u00e1mbito laboral<\/h3><div data-id=\"mpc_divider-269e5df342c91a\" class=\"mpc-divider-wrap\"><div class=\"mpc-divider mpc-init mpc-align--center mpc-disable--left\"><div class=\"mpc-divider__line mpc-side--left\"><span><\/span><\/div><div class=\"mpc-divider__line mpc-side--right\"><span><\/span><\/div><\/div><\/div><div class=\"mpc-icon-column__description mpc-typography--preset_5 mpc-transition\"><p><span style=\"font-weight: 400;\">Cursos y recursos digitales desarrollados para la concienciaci\u00f3n y sensibilizaci\u00f3n en el uso del euskera en el \u00e1mbito socioecon\u00f3mico, en colaboraci\u00f3n con Artez Euskara Zerbitzua.<\/span><\/p>\n<p>Estos proyectos para incrementar el uso del euskera en el mundo laboral est\u00e1n planteados desde diferentes perspectivas y ofrecemos diferentes recursos.<\/p>\n<\/div><\/div><\/div><\/div><\/div><\/div><\/div><\/div><div class=\"vc_empty_space\" style=\"height: 100px\"><span class=\"vc_empty_space_inner\"><\/span><\/div><\/div><\/div><\/div><\/div><\/div><\/div><div class=\"crane-section\"><div class=\"crane-container\"><div class=\"vc_row wpb_row vc_row-fluid mpc-row\"><div class=\"wpb_column vc_column_container vc_col-sm-12 mpc-column\" data-column-id=\"mpc_column-8569e5df34306d3\"><div class=\"vc_column-inner\"><div class=\"wpb_wrapper\"><div class=\"vc_empty_space\" style=\"height: 60px\"><span class=\"vc_empty_space_inner\"><\/span><\/div><div data-id=\"mpc_icon_column-9969e5df342db09\" class=\"mpc-icon-column mpc-init mpc-parent-hover mpc-transition mpc-icon-column--style_1 mpc-align--center\"><div data-id=\"mpc_icon-7669e5df342db2f\" class=\"mpc-icon mpc-init mpc-transition mpc-effect-none\"><div class=\"mpc-icon-wrap\"><i class=\"mpc-icon-part mpc-regular mpc-transition\"><\/i><\/div><\/div><div class=\"mpc-icon-column__content-wrap\"><div class=\"mpc-icon-column__content\"><h3 class=\"mpc-icon-column__heading mpc-typography--preset_7 mpc-transition\">Cursos<\/h3><div data-id=\"mpc_divider-2269e5df342db46\" class=\"mpc-divider-wrap\"><div class=\"mpc-divider mpc-init mpc-align--center mpc-disable--left\"><div class=\"mpc-divider__line mpc-side--left\"><span><\/span><\/div><div class=\"mpc-divider__line mpc-side--right\"><span><\/span><\/div><\/div><\/div><\/div><\/div><\/div><div class=\"vc_row wpb_row vc_inner vc_row-fluid mpc-row\"><div class=\"wpb_column vc_column_container vc_col-sm-4 mpc-column\" data-column-id=\"mpc_column-8969e5df342e45f\"><div class=\"vc_column-inner\"><div class=\"wpb_wrapper\"><div data-id=\"mpc_image-3769e5df342e27c\" onclick=\"\" class=\"mpc-image mpc-init\"><div class=\"mpc-item mpc-transition\"><img decoding=\"async\" class=\"mpc-transition\" src=\"https:\/\/orein.eus\/wp-content\/uploads\/2022\/05\/HIZKUNTZA-LIDERGOA-472x291.jpg\" width=\"472\" height=\"291\" alt=\"Group,Of,Business,Workers,Working,Together.,Sitting,On,Desk,Using\" title=\"Group,Of,Business,Workers,Working,Together.,Sitting,On,Desk,Using\"><\/div><\/div><div data-id=\"mpc_callout-7869e5df342e328\" class=\"mpc-callout mpc-init mpc-callout--style_2\"><div class=\"mpc-callout__content\"><h3 class=\"mpc-callout__heading mpc-typography--preset_2\">Liderazgo ling\u00fc\u00edstico<\/h3><div data-id=\"mpc_divider-369e5df342e394\" class=\"mpc-divider-wrap\"><div class=\"mpc-divider mpc-init mpc-align--left mpc-disable--left\"><div class=\"mpc-divider__line mpc-side--left\"><span><\/span><\/div><div class=\"mpc-divider__line mpc-side--right\"><span><\/span><\/div><\/div><\/div><div class=\"mpc-callout__description mpc-typography--preset_1\"><p>A las personas que ocupan puestos de responsabilidad en las diferentes \u00e1reas y departamentos de la organizaci\u00f3n se les ofrece esta formaci\u00f3n en torno al liderazgo ling\u00fc\u00edstico.<\/p>\n<p>Idioma: <strong>euskera \/ castellano<\/strong><br>\nDuraci\u00f3n: <strong>7 horas<\/strong><\/p>\n<\/div><\/div><div class=\"mpc-callout__button mpc-align--left\"><a href=\"https:\/\/gunebirtuala.orein.eus\/Ikastaroak\/hizkuntza-lidergoa\/\" target=\"_blank\" title=\"Link\" data-id=\"mpc_button-5769e5df342e373\" class=\"mpc-button mpc-init mpc-transition\"><div class=\"mpc-button__content mpc-effect-type--none mpc-effect-side--none\"><span class=\"mpc-button__title mpc-transition\">Ir al curso<\/span><\/div><div class=\"mpc-button__background mpc-transition mpc-effect-type--fade mpc-effect-side--in\"><\/div><\/a><\/div><\/div><\/div><\/div><\/div><div class=\"wpb_column vc_column_container vc_col-sm-4 mpc-column\" data-column-id=\"mpc_column-10069e5df342e7da\"><div class=\"vc_column-inner\"><div class=\"wpb_wrapper\"><div data-id=\"mpc_image-5569e5df342e65c\" onclick=\"\" class=\"mpc-image mpc-init\"><a href=\"https:\/\/gunebirtuala.orein.eus\/Ikastaroak\/euskararen-erabilera-lan-esparruan-lanpostu-zehatzak\/\" target=\"_blank\" title=\"\" class=\"mpc-item mpc-transition\"><img decoding=\"async\" class=\"mpc-transition\" src=\"https:\/\/orein.eus\/wp-content\/uploads\/2022\/05\/Euskararen-erabilera-472x291.jpg\" width=\"472\" height=\"291\" alt=\"Smiling,Diverse,Colleagues,Gather,In,Boardroom,Brainstorm,Discuss,Financial,Statistics\" title=\"Smiling,Diverse,Colleagues,Gather,In,Boardroom,Brainstorm,Discuss,Financial,Statistics\"><\/a><\/div><div data-id=\"mpc_callout-8469e5df342e6ea\" class=\"mpc-callout mpc-init mpc-callout--style_2\"><div class=\"mpc-callout__content\"><h3 class=\"mpc-callout__heading mpc-typography--preset_2\">Uso del euskera en el mundo laboral (niveles A2-C1)<\/h3><div data-id=\"mpc_divider-4069e5df342e730\" class=\"mpc-divider-wrap\"><div class=\"mpc-divider mpc-init mpc-align--left mpc-disable--left\"><div class=\"mpc-divider__line mpc-side--left\"><span><\/span><\/div><div class=\"mpc-divider__line mpc-side--right\"><span><\/span><\/div><\/div><\/div><div class=\"mpc-callout__description mpc-typography--preset_1\"><p>Formaci\u00f3n para la adquisici\u00f3n y puesta en pr\u00e1ctica de herramientas en euskera en el \u00e1mbito laboral.<\/p>\n<p>Idioma: <strong>euskera<\/strong><br>\nDuraci\u00f3n: <strong>personalizable<\/strong><\/p>\n<\/div><\/div><div class=\"mpc-callout__button mpc-align--left\"><a href=\"https:\/\/gunebirtuala.orein.eus\/Ikastaroak\/euskararen-erabilera-lan-esparruan-lanpostu-zehatzak\/\" target=\"_blank\" title=\"Link\" data-id=\"mpc_button-5669e5df342e717\" class=\"mpc-button mpc-init mpc-transition\"><div class=\"mpc-button__content mpc-effect-type--none mpc-effect-side--none\"><span class=\"mpc-button__title mpc-transition\">Ir al curso<\/span><\/div><div class=\"mpc-button__background mpc-transition mpc-effect-type--fade mpc-effect-side--in\"><\/div><\/a><\/div><\/div><\/div><\/div><\/div><div class=\"wpb_column vc_column_container vc_col-sm-4 mpc-column\" data-column-id=\"mpc_column-4169e5df342ec1c\"><div class=\"vc_column-inner\"><div class=\"wpb_wrapper\"><div data-id=\"mpc_image-5169e5df342eac0\" onclick=\"\" class=\"mpc-image mpc-init\"><a href=\"https:\/\/gunebirtuala.orein.eus\/Ikastaroak\/solasbide\/\" target=\"_blank\" title=\"\" class=\"mpc-item mpc-transition\"><img decoding=\"async\" class=\"mpc-transition\" src=\"https:\/\/orein.eus\/wp-content\/uploads\/2022\/05\/SOLASBIDE-472x291.jpg\" width=\"472\" height=\"291\" alt=\"SOLASBIDE\" title=\"SOLASBIDE\"><\/a><\/div><div data-id=\"mpc_callout-369e5df342eb41\" class=\"mpc-callout mpc-init mpc-callout--style_2\"><div class=\"mpc-callout__content\"><h3 class=\"mpc-callout__heading mpc-typography--preset_2\">Solasbide: Trabajando los h\u00e1bitos ling\u00fc\u00edsticos<\/h3><div data-id=\"mpc_divider-9169e5df342eb82\" class=\"mpc-divider-wrap\"><div class=\"mpc-divider mpc-init mpc-align--left mpc-disable--left\"><div class=\"mpc-divider__line mpc-side--left\"><span><\/span><\/div><div class=\"mpc-divider__line mpc-side--right\"><span><\/span><\/div><\/div><\/div><div class=\"mpc-callout__description mpc-typography--preset_1\"><p>Descubriremos la importancia y el papel de las lenguas en la sociedad, conoceremos conceptos y elementos que influyen en las actitudes y comportamientos.<\/p>\n<p>Idioma: <strong>euskera \/ castellano<\/strong><br>\nDuraci\u00f3n: <strong>3 horas<\/strong><\/p>\n<\/div><\/div><div class=\"mpc-callout__button mpc-align--left\"><a href=\"https:\/\/gunebirtuala.orein.eus\/Ikastaroak\/solasbide\/\" target=\"_blank\" title=\"Link\" data-id=\"mpc_button-569e5df342eb69\" class=\"mpc-button mpc-init mpc-transition\"><div class=\"mpc-button__content mpc-effect-type--none mpc-effect-side--none\"><span class=\"mpc-button__title mpc-transition\">Ir al curso<\/span><\/div><div class=\"mpc-button__background mpc-transition mpc-effect-type--fade mpc-effect-side--in\"><\/div><\/a><\/div><\/div><\/div><\/div><\/div><\/div><div class=\"vc_empty_space\" style=\"height: 60px\"><span class=\"vc_empty_space_inner\"><\/span><\/div><div class=\"vc_row wpb_row vc_inner vc_row-fluid mpc-row\"><div class=\"wpb_column vc_column_container vc_col-sm-4 mpc-column\" data-column-id=\"mpc_column-3069e5df342f7bc\"><div class=\"vc_column-inner\"><div class=\"wpb_wrapper\"><div data-id=\"mpc_image-9769e5df342f4c8\" onclick=\"\" class=\"mpc-image mpc-init\"><a href=\"https:\/\/gunebirtuala.orein.eus\/Ikastaroak\/oinarrizko-euskara-artez\/\" target=\"_blank\" title=\"\" class=\"mpc-item mpc-transition\"><img decoding=\"async\" class=\"mpc-transition\" src=\"https:\/\/orein.eus\/wp-content\/uploads\/2022\/05\/artez-fotos01-472x291.png\" width=\"472\" height=\"291\" alt=\"artez-fotos01\" title=\"artez-fotos01\"><\/a><\/div><div data-id=\"mpc_callout-3869e5df342f5c6\" class=\"mpc-callout mpc-init mpc-callout--style_2\"><div class=\"mpc-callout__content\"><h3 class=\"mpc-callout__heading mpc-typography--preset_2\">P\u00edldoras de euskera<\/h3><div data-id=\"mpc_divider-2369e5df342f688\" class=\"mpc-divider-wrap\"><div class=\"mpc-divider mpc-init mpc-align--left mpc-disable--left\"><div class=\"mpc-divider__line mpc-side--left\"><span><\/span><\/div><div class=\"mpc-divider__line mpc-side--right\"><span><\/span><\/div><\/div><\/div><div class=\"mpc-callout__description mpc-typography--preset_1\"><p>Formaci\u00f3n breve, directa y espec\u00edfica en formato p\u00edldora para trabajar el euskera b\u00e1sico.<\/p>\n<p>Idioma: <strong>euskera<\/strong><\/p>\n<p>Duraci\u00f3n: <strong>30 min.<\/strong><\/p>\n<\/div><\/div><div class=\"mpc-callout__button mpc-align--left\"><a href=\"https:\/\/gunebirtuala.orein.eus\/Ikastaroak\/oinarrizko-euskara-artez\/\" title=\"Link\" data-id=\"mpc_button-3069e5df342f5fa\" class=\"mpc-button mpc-init mpc-transition\"><div class=\"mpc-button__content mpc-effect-type--none mpc-effect-side--none\"><span class=\"mpc-button__title mpc-transition\">Ir al curso<\/span><\/div><div class=\"mpc-button__background mpc-transition mpc-effect-type--fade mpc-effect-side--in\"><\/div><\/a><\/div><\/div><\/div><\/div><\/div><div class=\"wpb_column vc_column_container vc_col-sm-4 mpc-column\" data-column-id=\"mpc_column-9969e5df342f9a0\"><div class=\"vc_column-inner\"><div class=\"wpb_wrapper\"><\/div><\/div><\/div><div class=\"wpb_column vc_column_container vc_col-sm-4 mpc-column\" data-column-id=\"mpc_column-969e5df3430083\"><div class=\"vc_column-inner\"><div class=\"wpb_wrapper\"><\/div><\/div><\/div><\/div><div class=\"vc_empty_space\" style=\"height: 60px\"><span class=\"vc_empty_space_inner\"><\/span><\/div><\/div><\/div><\/div><\/div><\/div><\/div>","protected":false},"excerpt":{"rendered":"Euskara lan munduanArlo sozioekonomikoan hizkuntzaren erabileran kontzientziatu eta sentsibilizatzeko garatutako ikastaro eta baliabide digitalak, Artez Euskara Zerbitzuarekin lankidetzan. Lan munduan euskararen erabilera areagotzeko&nbsp; proiektu hauek ikuspegi ezberdinetatik planteatuta daude eta baliabide ezberdinak eskaintzen ditugu. IkastaroakHizkuntza lidergoaErakundeko arlo eta sailetako ardura postuetan dauden pertsonei hizkuntza lidergoaren inguruko formazio hau eskaintzen zaie. Hizkuntza: euskara \/ gaztelania Iraupena:","protected":false},"author":5,"featured_media":0,"parent":300,"menu_order":0,"comment_status":"closed","ping_status":"closed","template":"","meta":{"content-type":"","inline_featured_image":false,"footnotes":""},"class_list":["post-540","page","type-page","status-publish","hentry"],"_links":{"self":[{"href":"https:\/\/orein.eus\/es\/wp-json\/wp\/v2\/pages\/540","targetHints":{"allow":["GET"]}}],"collection":[{"href":"https:\/\/orein.eus\/es\/wp-json\/wp\/v2\/pages"}],"about":[{"href":"https:\/\/orein.eus\/es\/wp-json\/wp\/v2\/types\/page"}],"author":[{"embeddable":true,"href":"https:\/\/orein.eus\/es\/wp-json\/wp\/v2\/users\/5"}],"replies":[{"embeddable":true,"href":"https:\/\/orein.eus\/es\/wp-json\/wp\/v2\/comments?post=540"}],"version-history":[{"count":41,"href":"https:\/\/orein.eus\/es\/wp-json\/wp\/v2\/pages\/540\/revisions"}],"predecessor-version":[{"id":832,"href":"https:\/\/orein.eus\/es\/wp-json\/wp\/v2\/pages\/540\/revisions\/832"}],"up":[{"embeddable":true,"href":"https:\/\/orein.eus\/es\/wp-json\/wp\/v2\/pages\/300"}],"wp:attachment":[{"href":"https:\/\/orein.eus\/es\/wp-json\/wp\/v2\/media?parent=540"}],"curies":[{"name":"wp","href":"https:\/\/api.w.org\/{rel}","templated":true}]}}