{"id":529,"date":"2022-05-04T12:03:03","date_gmt":"2022-05-04T12:03:03","guid":{"rendered":"https:\/\/orein.eus\/?page_id=529"},"modified":"2022-07-25T18:26:29","modified_gmt":"2022-07-25T18:26:29","slug":"aholkularitza-teknologikoa","status":"publish","type":"page","link":"https:\/\/orein.eus\/es\/soluzioak\/aholkularitza-teknologikoa\/","title":{"rendered":"Consultor\u00eda tecnol\u00f3gica"},"content":{"rendered":"<div class=\"crane-section\"><div class=\"crane-container\"><div class=\"vc_row wpb_row vc_row-fluid vc_custom_1651746148671 vc_row-o-equal-height vc_row-o-content-middle vc_row-flex mpc-row\"><div class=\"wpb_column vc_column_container vc_col-sm-12 mpc-column\" data-column-id=\"mpc_column-6269e88f0b3415e\"><div class=\"vc_column-inner\"><div class=\"wpb_wrapper\"><div class=\"vc_empty_space\" style=\"height: 100px\"><span class=\"vc_empty_space_inner\"><\/span><\/div><div class=\"vc_row wpb_row vc_inner vc_row-fluid vc_row-o-content-middle vc_row-flex mpc-row\"><div class=\"wpb_column vc_column_container vc_col-sm-8 mpc-column\" data-column-id=\"mpc_column-2869e88f0b334c0\"><div class=\"vc_column-inner vc_custom_1658773439107\"><div class=\"wpb_wrapper\"><div data-id=\"mpc_image-9369e88f0b3338e\" onclick=\"\" class=\"mpc-image mpc-init\"><div class=\"mpc-item mpc-transition\"><img decoding=\"async\" width=\"2560\" height=\"1707\" src=\"https:\/\/orein.eus\/wp-content\/uploads\/2021\/11\/shutterstock_1041718081-2-scaled.jpg\" class=\"mpc-transition attachment-full\" alt=\"\" title=\"Businesswoman,Hand,Working,With,Laptop,Computer,,Tablet,And,Smart,Phone\" srcset=\"https:\/\/orein.eus\/wp-content\/uploads\/2021\/11\/shutterstock_1041718081-2-scaled.jpg 2560w, https:\/\/orein.eus\/wp-content\/uploads\/2021\/11\/shutterstock_1041718081-2-300x200.jpg 300w, https:\/\/orein.eus\/wp-content\/uploads\/2021\/11\/shutterstock_1041718081-2-1024x683.jpg 1024w, https:\/\/orein.eus\/wp-content\/uploads\/2021\/11\/shutterstock_1041718081-2-768x512.jpg 768w, https:\/\/orein.eus\/wp-content\/uploads\/2021\/11\/shutterstock_1041718081-2-1536x1024.jpg 1536w, https:\/\/orein.eus\/wp-content\/uploads\/2021\/11\/shutterstock_1041718081-2-2048x1365.jpg 2048w, https:\/\/orein.eus\/wp-content\/uploads\/2021\/11\/shutterstock_1041718081-2-600x400.jpg 600w\" sizes=\"(max-width: 2560px) 100vw, 2560px\"><\/div><\/div><\/div><\/div><\/div><div class=\"wpb_column vc_column_container vc_col-sm-4 vc_col-has-fill mpc-column\" data-column-id=\"mpc_column-269e88f0b33716\"><div class=\"vc_column-inner vc_custom_1658773538109\"><div class=\"wpb_wrapper\"><div data-id=\"mpc_icon_column-4169e88f0b33650\" class=\"mpc-icon-column mpc-init mpc-parent-hover mpc-transition mpc-icon-column--style_1 mpc-align--center\"><div data-id=\"mpc_icon-6569e88f0b33674\" class=\"mpc-icon mpc-init mpc-transition mpc-effect-none\"><div class=\"mpc-icon-wrap\"><i class=\"mpc-icon-part mpc-regular mpc-transition\"><\/i><\/div><\/div><div class=\"mpc-icon-column__content-wrap\"><div class=\"mpc-icon-column__content\"><h3 class=\"mpc-icon-column__heading mpc-typography--preset_7 mpc-transition\">Consultor\u00eda tecnol\u00f3gica<\/h3><div data-id=\"mpc_divider-3869e88f0b3368b\" class=\"mpc-divider-wrap\"><div class=\"mpc-divider mpc-init mpc-align--center mpc-disable--left\"><div class=\"mpc-divider__line mpc-side--left\"><span><\/span><\/div><div class=\"mpc-divider__line mpc-side--right\"><span><\/span><\/div><\/div><\/div><div class=\"mpc-icon-column__description mpc-typography--preset_5 mpc-transition\"><p>Para que el proceso de digitalizaci\u00f3n de tu organizaci\u00f3n tenga \u00e9xito, es fundamental establecer espacios y herramientas virtuales adecuadas. Te asesoramos y ayudamos en los procesos de valoraci\u00f3n y toma de decisiones.<\/p>\n<\/div><\/div><\/div><\/div><\/div><\/div><\/div><\/div><div class=\"vc_empty_space\" style=\"height: 100px\"><span class=\"vc_empty_space_inner\"><\/span><\/div><\/div><\/div><\/div><\/div><\/div><\/div>","protected":false},"excerpt":{"rendered":"Aholkularitza teknologikoaZure erakundearen digitalizazio-prozesuak arrakasta izan dezan, funtsezkoa da espazio eta tresna birtual egokiak ezartzea. Balorazio eta erabaki-hartze prozesuetan aholkatzen eta laguntzen dizugu.","protected":false},"author":3,"featured_media":0,"parent":273,"menu_order":0,"comment_status":"closed","ping_status":"closed","template":"","meta":{"content-type":"","inline_featured_image":false,"footnotes":""},"class_list":["post-529","page","type-page","status-publish","hentry"],"_links":{"self":[{"href":"https:\/\/orein.eus\/es\/wp-json\/wp\/v2\/pages\/529","targetHints":{"allow":["GET"]}}],"collection":[{"href":"https:\/\/orein.eus\/es\/wp-json\/wp\/v2\/pages"}],"about":[{"href":"https:\/\/orein.eus\/es\/wp-json\/wp\/v2\/types\/page"}],"author":[{"embeddable":true,"href":"https:\/\/orein.eus\/es\/wp-json\/wp\/v2\/users\/3"}],"replies":[{"embeddable":true,"href":"https:\/\/orein.eus\/es\/wp-json\/wp\/v2\/comments?post=529"}],"version-history":[{"count":10,"href":"https:\/\/orein.eus\/es\/wp-json\/wp\/v2\/pages\/529\/revisions"}],"predecessor-version":[{"id":1318,"href":"https:\/\/orein.eus\/es\/wp-json\/wp\/v2\/pages\/529\/revisions\/1318"}],"up":[{"embeddable":true,"href":"https:\/\/orein.eus\/es\/wp-json\/wp\/v2\/pages\/273"}],"wp:attachment":[{"href":"https:\/\/orein.eus\/es\/wp-json\/wp\/v2\/media?parent=529"}],"curies":[{"name":"wp","href":"https:\/\/api.w.org\/{rel}","templated":true}]}}