{"id":523,"date":"2022-05-04T12:02:08","date_gmt":"2022-05-04T12:02:08","guid":{"rendered":"https:\/\/orein.eus\/?page_id=523"},"modified":"2022-07-25T18:20:06","modified_gmt":"2022-07-25T18:20:06","slug":"digitalizazio-prozesuak","status":"publish","type":"page","link":"https:\/\/orein.eus\/es\/soluzioak\/digitalizazio-prozesuak\/","title":{"rendered":"Procesos de digitalizaci\u00f3n"},"content":{"rendered":"<div class=\"crane-section crane-parallax-fixed\"><div class=\"crane-background\" style=\"background-image: url('https:\/\/orein.eus\/wp-content\/uploads\/2021\/01\/cabecera-proyecto-fondo.jpg');\"><\/div><div class=\"crane-background-overlay\" style=\"background-color: rgba(255,255,255,0.5)\"><\/div><div class=\"crane-container\"><div class=\"vc_row wpb_row vc_row-fluid vc_custom_1658499249943 vc_row-o-content-middle vc_row-flex mpc-row\"><div class=\"wpb_column vc_column_container vc_col-sm-12 mpc-column\" data-column-id=\"mpc_column-5669e5da5c97bbb\"><div class=\"vc_column-inner\"><div class=\"wpb_wrapper\"><div class=\"vc_empty_space\" style=\"height: 100px\"><span class=\"vc_empty_space_inner\"><\/span><\/div><div class=\"vc_row wpb_row vc_inner vc_row-fluid vc_row-o-content-middle vc_row-flex mpc-row\"><div class=\"wpb_column vc_column_container vc_col-sm-12 mpc-column mpc-animation\" data-column-id=\"mpc_column-4569e5da5c9793c\" data-animation-in=\"transition.slideUpIn||1500||0||50\"><div class=\"vc_column-inner\"><div class=\"wpb_wrapper\"><div data-id=\"mpc_icon_column-5769e5da5c977cb\" class=\"mpc-icon-column mpc-init mpc-parent-hover mpc-transition mpc-icon-column--style_1 mpc-align--center\"><div data-id=\"mpc_icon-3869e5da5c977f5\" class=\"mpc-icon mpc-init mpc-transition mpc-effect-none\"><div class=\"mpc-icon-wrap\"><i class=\"mpc-icon-part mpc-regular mpc-transition\"><\/i><\/div><\/div><div class=\"mpc-icon-column__content-wrap\"><div class=\"mpc-icon-column__content\"><h3 class=\"mpc-icon-column__heading mpc-typography--preset_7 mpc-transition\">Procesos de digitalizaci\u00f3n<\/h3><div data-id=\"mpc_divider-6669e5da5c9780d\" class=\"mpc-divider-wrap\"><div class=\"mpc-divider mpc-init mpc-align--center mpc-disable--left\"><div class=\"mpc-divider__line mpc-side--left\"><span><\/span><\/div><div class=\"mpc-divider__line mpc-side--right\"><span><\/span><\/div><\/div><\/div><div class=\"mpc-icon-column__description mpc-typography--preset_5 mpc-transition\"><p><span style=\"font-weight: 400;\">Las ventajas que nos aporta el \u00e1mbito digital son muchas, nos ofrece recursos para llevar a cabo nuestra actividad con eficacia. Te acompa\u00f1amos en el proceso de implementaci\u00f3n de espacios y herramientas virtuales, implementando soluciones adaptadas a tu necesidad y realidad.<\/span><\/p>\n<p>Abordar con eficacia todas las fases del proceso de digitalizaci\u00f3n ser\u00e1 clave para lograr el \u00e9xito. Por eso, ofrecemos a cada etapa la dedicaci\u00f3n y los recursos necesarios.<\/p>\n<ul>\n<li><strong>Punto de partida:<\/strong> diagn\u00f3stico<\/li>\n<li><strong>Dise\u00f1o del plan:<\/strong> objetivos y acciones a medio-largo plazo<\/li>\n<li><strong>Implementaci\u00f3n:<\/strong> ejecuci\u00f3n y seguimiento del plan<\/li>\n<li><strong>Evaluaci\u00f3n:<\/strong> an\u00e1lisis de resultados y mejora del plan<\/li>\n<li><strong>Sistema de mejora continua:<\/strong> establecer medidas correctoras<\/li>\n<\/ul>\n<\/div><\/div><\/div><\/div><\/div><\/div><\/div><\/div><div class=\"vc_empty_space\" style=\"height: 60px\"><span class=\"vc_empty_space_inner\"><\/span><\/div><\/div><\/div><\/div><\/div><\/div><\/div><div class=\"crane-section\"><div class=\"crane-container\"><div class=\"vc_row wpb_row vc_row-fluid mpc-row\"><div class=\"wpb_column vc_column_container vc_col-sm-12 mpc-column\" data-column-id=\"mpc_column-9669e5da5c99185\"><div class=\"vc_column-inner\"><div class=\"wpb_wrapper\"><div class=\"vc_empty_space\" style=\"height: 60px\"><span class=\"vc_empty_space_inner\"><\/span><\/div><div class=\"vc_row wpb_row vc_inner vc_row-fluid vc_row-o-equal-height vc_row-o-content-middle vc_row-flex mpc-row\"><div class=\"wpb_column vc_column_container vc_col-sm-6 vc_col-has-fill mpc-column\" data-column-id=\"mpc_column-2169e5da5c98644\"><div class=\"vc_column-inner vc_custom_1610212540088\"><div class=\"wpb_wrapper\"><div class=\"vc_empty_space\" style=\"height: 40px\"><span class=\"vc_empty_space_inner\"><\/span><\/div><div data-id=\"mpc_callout-7569e5da5c9849c\" class=\"mpc-callout mpc-init mpc-callout--style_2\"><div class=\"mpc-callout__icon-wrap mpc-align--left\"><div class=\"mpc-callout__icon\"><i class=\"mpc-transition  eti eti_desktop\"><\/i><\/div><\/div><div class=\"mpc-callout__content\"><h3 class=\"mpc-callout__heading mpc-typography--preset_2\">Planes de capacitaci\u00f3n<\/h3><div data-id=\"mpc_divider-2769e5da5c9850b\" class=\"mpc-divider-wrap\"><div class=\"mpc-divider mpc-init mpc-align--left mpc-disable--left\"><div class=\"mpc-divider__line mpc-side--left\"><span><\/span><\/div><div class=\"mpc-divider__line mpc-side--right\"><span><\/span><\/div><\/div><\/div><div class=\"mpc-callout__description mpc-typography--preset_1\"><p>Dise\u00f1amos, organizamos y desarrollamos la formaci\u00f3n necesaria para alcanzar los objetivos marcados en el Plan.<\/p>\n<p>Con un enfoque completo a la estrategia de la organizaci\u00f3n, formamos a las personas, tanto de forma grupal como individual, para contribuir al desarrollo de las personas y alcanzar los est\u00e1ndares m\u00e1s altos.<\/p>\n<\/div><\/div><div class=\"mpc-callout__button mpc-align--left\"><a href=\"https:\/\/gunebirtuala.orein.eus\/es\/\" target=\"_blank\" title=\"Link\" data-id=\"mpc_button-3569e5da5c984e8\" class=\"mpc-button mpc-init mpc-transition\"><div class=\"mpc-button__content mpc-effect-type--none mpc-effect-side--none\"><span class=\"mpc-button__title mpc-transition\">Ir<\/span><\/div><div class=\"mpc-button__background mpc-transition mpc-effect-type--fade mpc-effect-side--in\"><\/div><\/a><\/div><\/div><div class=\"vc_empty_space\" style=\"height: 40px\"><span class=\"vc_empty_space_inner\"><\/span><\/div><\/div><\/div><\/div><div class=\"wpb_column vc_column_container vc_col-sm-6 mpc-column\" data-column-id=\"mpc_column-1269e5da5c98fc6\"><div class=\"vc_column-inner vc_custom_1658772473956\"><div class=\"wpb_wrapper\"><div data-id=\"mpc_image-8169e5da5c98f53\" onclick=\"\" class=\"mpc-image mpc-init mpc-fullwidth\"><div class=\"mpc-item mpc-transition\"><img decoding=\"async\" width=\"2560\" height=\"1707\" src=\"https:\/\/orein.eus\/wp-content\/uploads\/2022\/05\/shutterstock_294489926-1-scaled.jpg\" class=\"mpc-transition attachment-full\" alt=\"\" title=\"Group,Of,Young,Colleagues,Using,Laptop,At,Office\" srcset=\"https:\/\/orein.eus\/wp-content\/uploads\/2022\/05\/shutterstock_294489926-1-scaled.jpg 2560w, https:\/\/orein.eus\/wp-content\/uploads\/2022\/05\/shutterstock_294489926-1-300x200.jpg 300w, https:\/\/orein.eus\/wp-content\/uploads\/2022\/05\/shutterstock_294489926-1-1024x683.jpg 1024w, https:\/\/orein.eus\/wp-content\/uploads\/2022\/05\/shutterstock_294489926-1-768x512.jpg 768w, https:\/\/orein.eus\/wp-content\/uploads\/2022\/05\/shutterstock_294489926-1-1536x1024.jpg 1536w, https:\/\/orein.eus\/wp-content\/uploads\/2022\/05\/shutterstock_294489926-1-2048x1365.jpg 2048w, https:\/\/orein.eus\/wp-content\/uploads\/2022\/05\/shutterstock_294489926-1-18x12.jpg 18w, https:\/\/orein.eus\/wp-content\/uploads\/2022\/05\/shutterstock_294489926-1-600x400.jpg 600w\" sizes=\"(max-width: 2560px) 100vw, 2560px\"><\/div><\/div><\/div><\/div><\/div><\/div><\/div><\/div><\/div><\/div><\/div><\/div><div class=\"crane-section\"><div class=\"crane-container\"><div class=\"vc_row wpb_row vc_row-fluid mpc-row\"><div class=\"wpb_column vc_column_container vc_col-sm-12 mpc-column\" data-column-id=\"mpc_column-7569e5da5c995d6\"><div class=\"vc_column-inner\"><div class=\"wpb_wrapper\"><div class=\"vc_empty_space\" style=\"height: 60px\"><span class=\"vc_empty_space_inner\"><\/span><\/div><\/div><\/div><\/div><\/div><\/div><\/div><div class=\"crane-section\"><div class=\"crane-container\"><div class=\"vc_row wpb_row vc_row-fluid mpc-row\"><div class=\"wpb_column vc_column_container vc_col-sm-12 mpc-column\" data-column-id=\"mpc_column-8569e5da5c9a0aa\"><div class=\"vc_column-inner\"><div class=\"wpb_wrapper\"><div class=\"vc_row wpb_row vc_inner vc_row-fluid vc_row-o-equal-height vc_row-o-content-middle vc_row-flex mpc-row\"><div class=\"wpb_column vc_column_container vc_col-sm-6 mpc-column\" data-column-id=\"mpc_column-8269e5da5c99b5d\"><div class=\"vc_column-inner vc_custom_1658772500193\"><div class=\"wpb_wrapper\"><div data-id=\"mpc_image-8369e5da5c99afe\" onclick=\"\" class=\"mpc-image mpc-init\"><div class=\"mpc-item mpc-transition\"><img decoding=\"async\" width=\"694\" height=\"595\" src=\"https:\/\/orein.eus\/wp-content\/uploads\/2022\/05\/you-x-ventures-vbxyFxlgpjM-unsplash-1-2-1.jpg\" class=\"mpc-transition attachment-full\" alt=\"\" title=\"you-x-ventures-vbxyFxlgpjM-unsplash (1)-2\" srcset=\"https:\/\/orein.eus\/wp-content\/uploads\/2022\/05\/you-x-ventures-vbxyFxlgpjM-unsplash-1-2-1.jpg 694w, https:\/\/orein.eus\/wp-content\/uploads\/2022\/05\/you-x-ventures-vbxyFxlgpjM-unsplash-1-2-1-300x257.jpg 300w, https:\/\/orein.eus\/wp-content\/uploads\/2022\/05\/you-x-ventures-vbxyFxlgpjM-unsplash-1-2-1-14x12.jpg 14w\" sizes=\"(max-width: 694px) 100vw, 694px\"><\/div><\/div><\/div><\/div><\/div><div class=\"wpb_column vc_column_container vc_col-sm-6 vc_col-has-fill mpc-column\" data-column-id=\"mpc_column-8869e5da5c99f57\"><div class=\"vc_column-inner vc_custom_1652337817464\"><div class=\"wpb_wrapper\"><div class=\"vc_empty_space\" style=\"height: 20px\"><span class=\"vc_empty_space_inner\"><\/span><\/div><div data-id=\"mpc_callout-5369e5da5c99d4b\" class=\"mpc-callout mpc-init mpc-callout--style_2\"><div class=\"mpc-callout__icon-wrap mpc-align--left\"><div class=\"mpc-callout__icon\"><i class=\"mpc-transition  eti eti_desktop\"><\/i><\/div><\/div><div class=\"mpc-callout__content\"><h3 class=\"mpc-callout__heading mpc-typography--preset_2\">Dise\u00f1o e implementaci\u00f3n de planes<\/h3><div data-id=\"mpc_divider-3169e5da5c99dae\" class=\"mpc-divider-wrap\"><div class=\"mpc-divider mpc-init mpc-align--left mpc-disable--left\"><div class=\"mpc-divider__line mpc-side--left\"><span><\/span><\/div><div class=\"mpc-divider__line mpc-side--right\"><span><\/span><\/div><\/div><\/div><div class=\"mpc-callout__description\"><p><span style=\"font-weight: 400;\">Partiendo de la realidad de tu organizaci\u00f3n, dise\u00f1amos un plan que identifica necesidades y fija objetivos a medio-largo plazo. Adem\u00e1s, ponemos en marcha los recursos necesarios para que el proceso de implementaci\u00f3n sea eficaz y exitoso: equipo tractor, responsables, sistema de seguimiento, evaluaci\u00f3n y mejora continua, etc.<\/span><\/p>\n<\/div><\/div><div class=\"mpc-callout__button mpc-align--left\"><a href=\"https:\/\/gunebirtuala.orein.eus\/es\/\" target=\"_blank\" title=\"Link\" data-id=\"mpc_button-5869e5da5c99d8d\" class=\"mpc-button mpc-init mpc-transition\"><div class=\"mpc-button__content mpc-effect-type--none mpc-effect-side--none\"><span class=\"mpc-button__title mpc-transition\">Ir<\/span><\/div><div class=\"mpc-button__background mpc-transition mpc-effect-type--fade mpc-effect-side--in\"><\/div><\/a><\/div><\/div><div class=\"vc_empty_space\" style=\"height: 20px\"><span class=\"vc_empty_space_inner\"><\/span><\/div><\/div><\/div><\/div><\/div><\/div><\/div><\/div><\/div><\/div><\/div><div class=\"crane-section\"><div class=\"crane-container\"><div id=\"3\" class=\"vc_row wpb_row vc_row-fluid mpc-row\"><div class=\"wpb_column vc_column_container vc_col-sm-12 mpc-column\" data-column-id=\"mpc_column-8869e5da5c9a42c\"><div class=\"vc_column-inner\"><div class=\"wpb_wrapper\"><div class=\"vc_empty_space\" style=\"height: 60px\"><span class=\"vc_empty_space_inner\"><\/span><\/div><\/div><\/div><\/div><\/div><\/div><\/div><div class=\"crane-section\"><div class=\"crane-container\"><div class=\"vc_row wpb_row vc_row-fluid mpc-row\"><div class=\"wpb_column vc_column_container vc_col-sm-12 mpc-column\" data-column-id=\"mpc_column-9369e5da5c9ae4a\"><div class=\"vc_column-inner\"><div class=\"wpb_wrapper\"><div class=\"vc_row wpb_row vc_inner vc_row-fluid vc_row-o-equal-height vc_row-o-content-middle vc_row-flex mpc-row\"><div class=\"wpb_column vc_column_container vc_col-sm-6 vc_col-has-fill mpc-column\" data-column-id=\"mpc_column-2969e5da5c9a9ab\"><div class=\"vc_column-inner vc_custom_1610212540088\"><div class=\"wpb_wrapper\"><div data-id=\"mpc_callout-8569e5da5c9a897\" class=\"mpc-callout mpc-init mpc-callout--style_2\"><div class=\"mpc-callout__icon-wrap mpc-align--left\"><div class=\"mpc-callout__icon\"><i class=\"mpc-transition  eti eti_desktop\"><\/i><\/div><\/div><div class=\"mpc-callout__content\"><h3 class=\"mpc-callout__heading mpc-typography--preset_2\">Creaci\u00f3n y desarrollo de recursos digitales<\/h3><div data-id=\"mpc_divider-9269e5da5c9a922\" class=\"mpc-divider-wrap\"><div class=\"mpc-divider mpc-init mpc-align--left mpc-disable--left\"><div class=\"mpc-divider__line mpc-side--left\"><span><\/span><\/div><div class=\"mpc-divider__line mpc-side--right\"><span><\/span><\/div><\/div><\/div><div class=\"mpc-callout__description mpc-typography--preset_1\"><p>Creamos recursos y contenidos digitales relacionados con tu actividad, facilitando su accesibilidad y difusi\u00f3n.<\/p>\n<\/div><\/div><div class=\"mpc-callout__button mpc-align--left\"><a href=\"https:\/\/gunebirtuala.orein.eus\/es\/\" target=\"_blank\" title=\"Link\" data-id=\"mpc_button-3469e5da5c9a8de\" class=\"mpc-button mpc-init mpc-transition\"><div class=\"mpc-button__content mpc-effect-type--none mpc-effect-side--none\"><span class=\"mpc-button__title mpc-transition\">Ir<\/span><\/div><div class=\"mpc-button__background mpc-transition mpc-effect-type--fade mpc-effect-side--in\"><\/div><\/a><\/div><\/div><\/div><\/div><\/div><div class=\"wpb_column vc_column_container vc_col-sm-6 mpc-column\" data-column-id=\"mpc_column-1069e5da5c9ac5d\"><div class=\"vc_column-inner vc_custom_1658772516841\"><div class=\"wpb_wrapper\"><div data-id=\"mpc_image-4769e5da5c9ac03\" onclick=\"\" class=\"mpc-image mpc-init\"><div class=\"mpc-item mpc-transition\"><img decoding=\"async\" width=\"638\" height=\"408\" src=\"https:\/\/orein.eus\/wp-content\/uploads\/2021\/01\/panta-plataforma-portatil.jpg\" class=\"mpc-transition attachment-full\" alt=\"\" title=\"panta-plataforma-portatil\" srcset=\"https:\/\/orein.eus\/wp-content\/uploads\/2021\/01\/panta-plataforma-portatil.jpg 638w, https:\/\/orein.eus\/wp-content\/uploads\/2021\/01\/panta-plataforma-portatil-300x192.jpg 300w\" sizes=\"(max-width: 638px) 100vw, 638px\"><\/div><\/div><\/div><\/div><\/div><\/div><div class=\"vc_empty_space\" style=\"height: 60px\"><span class=\"vc_empty_space_inner\"><\/span><\/div><\/div><\/div><\/div><\/div><\/div><\/div>","protected":false},"excerpt":{"rendered":"Digitalizazio prozesuakEremu digitalak aportatzen&nbsp; dizkigun abantailak asko dira, gure jarduna eraginkortasunez burutzeko baliabideak eskaintzen dizkigu. Espazio eta tresna birtualen inplementazio prozesuan laguntzen zaitugu, zure beharrizan eta errealitatera egokitutako soluzioak inplementatuta. Digitalizazio prozesuko fase guztiak eraginkortasunez jorratzea funtsezkoa izango da arrakasta lortzeko. Horregatik, etapa bakoitzari beharrezko dedikazio eta baliabideak eskaintzen dizkiogu. Abiapuntua: diagnostikoa Planaren diseinua: epe","protected":false},"author":3,"featured_media":0,"parent":273,"menu_order":0,"comment_status":"closed","ping_status":"closed","template":"","meta":{"content-type":"","inline_featured_image":false,"footnotes":""},"class_list":["post-523","page","type-page","status-publish","hentry"],"_links":{"self":[{"href":"https:\/\/orein.eus\/es\/wp-json\/wp\/v2\/pages\/523","targetHints":{"allow":["GET"]}}],"collection":[{"href":"https:\/\/orein.eus\/es\/wp-json\/wp\/v2\/pages"}],"about":[{"href":"https:\/\/orein.eus\/es\/wp-json\/wp\/v2\/types\/page"}],"author":[{"embeddable":true,"href":"https:\/\/orein.eus\/es\/wp-json\/wp\/v2\/users\/3"}],"replies":[{"embeddable":true,"href":"https:\/\/orein.eus\/es\/wp-json\/wp\/v2\/comments?post=523"}],"version-history":[{"count":53,"href":"https:\/\/orein.eus\/es\/wp-json\/wp\/v2\/pages\/523\/revisions"}],"predecessor-version":[{"id":1312,"href":"https:\/\/orein.eus\/es\/wp-json\/wp\/v2\/pages\/523\/revisions\/1312"}],"up":[{"embeddable":true,"href":"https:\/\/orein.eus\/es\/wp-json\/wp\/v2\/pages\/273"}],"wp:attachment":[{"href":"https:\/\/orein.eus\/es\/wp-json\/wp\/v2\/media?parent=523"}],"curies":[{"name":"wp","href":"https:\/\/api.w.org\/{rel}","templated":true}]}}